{"id":347,"date":"2023-11-02T16:26:24","date_gmt":"2023-11-02T16:26:24","guid":{"rendered":"https:\/\/pinturasimperio.co\/tienda\/?post_type=product&#038;p=347"},"modified":"2023-11-02T16:45:47","modified_gmt":"2023-11-02T16:45:47","slug":"espatula-inoxidable-para-drywall","status":"publish","type":"product","link":"https:\/\/pinturasimperio.co\/tienda\/producto\/espatula-inoxidable-para-drywall\/","title":{"rendered":"ESP\u00c1TULA INOXIDABLE PARA DRYWALL"},"content":{"rendered":"<p>L\u00e1minas de acero inoxidable. S\u00faper resistente. Confortable mango en caucho.<\/p>\n","protected":false},"excerpt":{"rendered":"<div id=\"product-description-short-113\">L\u00e1minas de acero inoxidable. S\u00faper resistente. Confortable mango en caucho.<\/div>\n<div class=\"product-actions\">\n<form id=\"add-to-cart-or-refresh\" action=\"https:\/\/tienda.pinturasimperio.co\/carrito\" method=\"post\" data-hs-cf-bound=\"true\">\n<div class=\"product-variants\">\n<div class=\"clearfix product-variants-item\">\n<div>\n<ul>\n<li><span class=\"block-title\">Pol\u00edtica de seguridad<\/span>Compra con tranquilidad y seguridad. Contamos con certificaci\u00f3n SSL y pagos por medio de PayU.<\/li>\n<li>Pol\u00edtica de env\u00edo y recogida<span style=\"font-size: 16px;\">&#8211; Gratis recogida de la mercanc\u00eda en nuestras tiendas. &#8211; Bogot\u00e1 y Soacha domicilio por $8.000<\/span><\/li>\n<\/ul>\n<\/div>\n<\/div>\n<\/div>\n<\/form>\n<\/div>\n","protected":false},"featured_media":348,"comment_status":"closed","ping_status":"closed","template":"","meta":{"site-sidebar-layout":"default","site-content-layout":"","ast-site-content-layout":"default","site-content-style":"default","site-sidebar-style":"default","ast-global-header-display":"","ast-banner-title-visibility":"","ast-main-header-display":"","ast-hfb-above-header-display":"","ast-hfb-below-header-display":"","ast-hfb-mobile-header-display":"","site-post-title":"","ast-breadcrumbs-content":"","ast-featured-img":"","footer-sml-layout":"","ast-disable-related-posts":"","theme-transparent-header-meta":"default","adv-header-id-meta":"","stick-header-meta":"","header-above-stick-meta":"","header-main-stick-meta":"","header-below-stick-meta":"","astra-migrate-meta-layouts":"set","ast-page-background-enabled":"default","ast-page-background-meta":{"desktop":{"background-color":"var(--ast-global-color-4)","background-image":"","background-repeat":"repeat","background-position":"center center","background-size":"auto","background-attachment":"scroll","background-type":"","background-media":"","overlay-type":"","overlay-color":"","overlay-opacity":"","overlay-gradient":""},"tablet":{"background-color":"","background-image":"","background-repeat":"repeat","background-position":"center center","background-size":"auto","background-attachment":"scroll","background-type":"","background-media":"","overlay-type":"","overlay-color":"","overlay-opacity":"","overlay-gradient":""},"mobile":{"background-color":"","background-image":"","background-repeat":"repeat","background-position":"center center","background-size":"auto","background-attachment":"scroll","background-type":"","background-media":"","overlay-type":"","overlay-color":"","overlay-opacity":"","overlay-gradient":""}},"ast-content-background-meta":{"desktop":{"background-color":"var(--ast-global-color-5)","background-image":"","background-repeat":"repeat","background-position":"center center","background-size":"auto","background-attachment":"scroll","background-type":"","background-media":"","overlay-type":"","overlay-color":"","overlay-opacity":"","overlay-gradient":""},"tablet":{"background-color":"var(--ast-global-color-5)","background-image":"","background-repeat":"repeat","background-position":"center center","background-size":"auto","background-attachment":"scroll","background-type":"","background-media":"","overlay-type":"","overlay-color":"","overlay-opacity":"","overlay-gradient":""},"mobile":{"background-color":"var(--ast-global-color-5)","background-image":"","background-repeat":"repeat","background-position":"center center","background-size":"auto","background-attachment":"scroll","background-type":"","background-media":"","overlay-type":"","overlay-color":"","overlay-opacity":"","overlay-gradient":""}}},"product_brand":[],"product_cat":[34,38,33],"product_tag":[],"class_list":{"0":"post-347","1":"product","2":"type-product","3":"status-publish","4":"has-post-thumbnail","6":"product_cat-accesorios-para-utiles-de-pintura","7":"product_cat-espatulas","8":"product_cat-herramientas","9":"desktop-align-left","10":"tablet-align-left","11":"mobile-align-left","13":"first","14":"instock","15":"shipping-taxable","16":"product-type-simple"},"_links":{"self":[{"href":"https:\/\/pinturasimperio.co\/tienda\/wp-json\/wp\/v2\/product\/347","targetHints":{"allow":["GET"]}}],"collection":[{"href":"https:\/\/pinturasimperio.co\/tienda\/wp-json\/wp\/v2\/product"}],"about":[{"href":"https:\/\/pinturasimperio.co\/tienda\/wp-json\/wp\/v2\/types\/product"}],"replies":[{"embeddable":true,"href":"https:\/\/pinturasimperio.co\/tienda\/wp-json\/wp\/v2\/comments?post=347"}],"wp:featuredmedia":[{"embeddable":true,"href":"https:\/\/pinturasimperio.co\/tienda\/wp-json\/wp\/v2\/media\/348"}],"wp:attachment":[{"href":"https:\/\/pinturasimperio.co\/tienda\/wp-json\/wp\/v2\/media?parent=347"}],"wp:term":[{"taxonomy":"product_brand","embeddable":true,"href":"https:\/\/pinturasimperio.co\/tienda\/wp-json\/wp\/v2\/product_brand?post=347"},{"taxonomy":"product_cat","embeddable":true,"href":"https:\/\/pinturasimperio.co\/tienda\/wp-json\/wp\/v2\/product_cat?post=347"},{"taxonomy":"product_tag","embeddable":true,"href":"https:\/\/pinturasimperio.co\/tienda\/wp-json\/wp\/v2\/product_tag?post=347"}],"curies":[{"name":"wp","href":"https:\/\/api.w.org\/{rel}","templated":true}]}}