{"id":305,"date":"2023-11-02T15:48:25","date_gmt":"2023-11-02T15:48:25","guid":{"rendered":"https:\/\/pinturasimperio.co\/tienda\/?post_type=product&#038;p=305"},"modified":"2023-11-02T16:48:04","modified_gmt":"2023-11-02T16:48:04","slug":"lija-de-agua-abracol","status":"publish","type":"product","link":"https:\/\/pinturasimperio.co\/tienda\/producto\/lija-de-agua-abracol\/","title":{"rendered":"LIJA DE AGUA ABRACOL"},"content":{"rendered":"<p>Lija de agua que brinda una excelente preparaci\u00f3n de superficies, granduraci\u00f3n de la lija, alta flexibilidad para un f\u00e1cil uso que brinda un terminado profesional en la superficie lijada. La lija de agua marca Abracol es ideal para aplicaciones de lijado y acabado sobre masillas, primers, pinturas, bases, esmaltes, poliuretanos y lacas.<\/p>\n","protected":false},"excerpt":{"rendered":"<p>Lija de agua que brinda una excelente preparaci\u00f3n de superficies, granduraci\u00f3n de la lija, alta flexibilidad para un f\u00e1cil uso que brinda un terminado profesional en la superficie lijada. La lija de agua marca Abracol es ideal para aplicaciones de lijado y acabado sobre masillas, primers, pinturas, bases, esmaltes, poliuretanos y lacas.<\/p>\n<div>\n<ul>\n<li><span class=\"item-product\">\u00a0 <\/span><span class=\"block-title\">Pol\u00edtica de seguridad<\/span>Compra con tranquilidad y seguridad. Contamos con certificaci\u00f3n SSL y pagos por medio de PayU.<\/li>\n<\/ul>\n<\/div>\n<div>\n<ul>\n<li><span class=\"item-product\">\u00a0 <\/span><span class=\"block-title\">Pol\u00edtica de env\u00edo y recogida<\/span>&#8211; Gratis recogida de la mercanc\u00eda en nuestras tiendas. &#8211; Bogot\u00e1 y Soacha domicilio por $8.000<\/li>\n<\/ul>\n<\/div>\n","protected":false},"featured_media":306,"comment_status":"closed","ping_status":"closed","template":"","meta":{"site-sidebar-layout":"default","site-content-layout":"","ast-site-content-layout":"default","site-content-style":"default","site-sidebar-style":"default","ast-global-header-display":"","ast-banner-title-visibility":"","ast-main-header-display":"","ast-hfb-above-header-display":"","ast-hfb-below-header-display":"","ast-hfb-mobile-header-display":"","site-post-title":"","ast-breadcrumbs-content":"","ast-featured-img":"","footer-sml-layout":"","ast-disable-related-posts":"","theme-transparent-header-meta":"default","adv-header-id-meta":"","stick-header-meta":"","header-above-stick-meta":"","header-main-stick-meta":"","header-below-stick-meta":"","astra-migrate-meta-layouts":"set","ast-page-background-enabled":"default","ast-page-background-meta":{"desktop":{"background-color":"var(--ast-global-color-4)","background-image":"","background-repeat":"repeat","background-position":"center center","background-size":"auto","background-attachment":"scroll","background-type":"","background-media":"","overlay-type":"","overlay-color":"","overlay-opacity":"","overlay-gradient":""},"tablet":{"background-color":"","background-image":"","background-repeat":"repeat","background-position":"center center","background-size":"auto","background-attachment":"scroll","background-type":"","background-media":"","overlay-type":"","overlay-color":"","overlay-opacity":"","overlay-gradient":""},"mobile":{"background-color":"","background-image":"","background-repeat":"repeat","background-position":"center center","background-size":"auto","background-attachment":"scroll","background-type":"","background-media":"","overlay-type":"","overlay-color":"","overlay-opacity":"","overlay-gradient":""}},"ast-content-background-meta":{"desktop":{"background-color":"var(--ast-global-color-5)","background-image":"","background-repeat":"repeat","background-position":"center center","background-size":"auto","background-attachment":"scroll","background-type":"","background-media":"","overlay-type":"","overlay-color":"","overlay-opacity":"","overlay-gradient":""},"tablet":{"background-color":"var(--ast-global-color-5)","background-image":"","background-repeat":"repeat","background-position":"center center","background-size":"auto","background-attachment":"scroll","background-type":"","background-media":"","overlay-type":"","overlay-color":"","overlay-opacity":"","overlay-gradient":""},"mobile":{"background-color":"var(--ast-global-color-5)","background-image":"","background-repeat":"repeat","background-position":"center center","background-size":"auto","background-attachment":"scroll","background-type":"","background-media":"","overlay-type":"","overlay-color":"","overlay-opacity":"","overlay-gradient":""}}},"product_brand":[],"product_cat":[33,43,48],"product_tag":[],"class_list":{"0":"post-305","1":"product","2":"type-product","3":"status-publish","4":"has-post-thumbnail","6":"product_cat-herramientas","7":"product_cat-herramientas-manuales","8":"product_cat-lijas-y-abrasivos","9":"desktop-align-left","10":"tablet-align-left","11":"mobile-align-left","13":"first","14":"instock","15":"shipping-taxable","16":"product-type-simple"},"_links":{"self":[{"href":"https:\/\/pinturasimperio.co\/tienda\/wp-json\/wp\/v2\/product\/305","targetHints":{"allow":["GET"]}}],"collection":[{"href":"https:\/\/pinturasimperio.co\/tienda\/wp-json\/wp\/v2\/product"}],"about":[{"href":"https:\/\/pinturasimperio.co\/tienda\/wp-json\/wp\/v2\/types\/product"}],"replies":[{"embeddable":true,"href":"https:\/\/pinturasimperio.co\/tienda\/wp-json\/wp\/v2\/comments?post=305"}],"wp:featuredmedia":[{"embeddable":true,"href":"https:\/\/pinturasimperio.co\/tienda\/wp-json\/wp\/v2\/media\/306"}],"wp:attachment":[{"href":"https:\/\/pinturasimperio.co\/tienda\/wp-json\/wp\/v2\/media?parent=305"}],"wp:term":[{"taxonomy":"product_brand","embeddable":true,"href":"https:\/\/pinturasimperio.co\/tienda\/wp-json\/wp\/v2\/product_brand?post=305"},{"taxonomy":"product_cat","embeddable":true,"href":"https:\/\/pinturasimperio.co\/tienda\/wp-json\/wp\/v2\/product_cat?post=305"},{"taxonomy":"product_tag","embeddable":true,"href":"https:\/\/pinturasimperio.co\/tienda\/wp-json\/wp\/v2\/product_tag?post=305"}],"curies":[{"name":"wp","href":"https:\/\/api.w.org\/{rel}","templated":true}]}}