{"id":195,"date":"2023-11-01T17:32:06","date_gmt":"2023-11-01T17:32:06","guid":{"rendered":"https:\/\/pinturasimperio.co\/tienda\/?post_type=product&#038;p=195"},"modified":"2023-11-02T16:51:49","modified_gmt":"2023-11-02T16:51:49","slug":"anticorrosivo","status":"publish","type":"product","link":"https:\/\/pinturasimperio.co\/tienda\/producto\/anticorrosivo\/","title":{"rendered":"ANTICORROSIVO"},"content":{"rendered":"<p>Pintura elaborada con Resinas Vinil &#8211; Acr\u00edlicas a base de Agua, de alto desempe\u00f1o en ambientes exteriores como interiores. Colores entre mezclables, m\u00e1xima lavabilidad, acabado mate, alto cubrimiento, rendimiento y adherencia.<\/p>\n","protected":false},"excerpt":{"rendered":"<p>USOS:<br \/>\nPara proteger y decorar paredes y techos de Residencias, Oficinas y Edificaciones en general, en ambientes interiores y exteriores<\/p>\n<p>DATOS IMPORTANTES:<br \/>\n&#8211; Remoci\u00f3n de manchas (Lavalidad)&gt;=80%.<br \/>\n&#8211; Resistencia a la Abrasi\u00f3n &gt;=40O ciclos.<br \/>\n&#8211; Poder Cubriente &gt;=96%.<\/p>\n","protected":false},"featured_media":164,"comment_status":"closed","ping_status":"closed","template":"","meta":{"site-sidebar-layout":"default","site-content-layout":"","ast-site-content-layout":"default","site-content-style":"default","site-sidebar-style":"default","ast-global-header-display":"","ast-banner-title-visibility":"","ast-main-header-display":"","ast-hfb-above-header-display":"","ast-hfb-below-header-display":"","ast-hfb-mobile-header-display":"","site-post-title":"","ast-breadcrumbs-content":"","ast-featured-img":"","footer-sml-layout":"","ast-disable-related-posts":"","theme-transparent-header-meta":"default","adv-header-id-meta":"","stick-header-meta":"","header-above-stick-meta":"","header-main-stick-meta":"","header-below-stick-meta":"","astra-migrate-meta-layouts":"set","ast-page-background-enabled":"default","ast-page-background-meta":{"desktop":{"background-color":"var(--ast-global-color-4)","background-image":"","background-repeat":"repeat","background-position":"center center","background-size":"auto","background-attachment":"scroll","background-type":"","background-media":"","overlay-type":"","overlay-color":"","overlay-opacity":"","overlay-gradient":""},"tablet":{"background-color":"","background-image":"","background-repeat":"repeat","background-position":"center center","background-size":"auto","background-attachment":"scroll","background-type":"","background-media":"","overlay-type":"","overlay-color":"","overlay-opacity":"","overlay-gradient":""},"mobile":{"background-color":"","background-image":"","background-repeat":"repeat","background-position":"center center","background-size":"auto","background-attachment":"scroll","background-type":"","background-media":"","overlay-type":"","overlay-color":"","overlay-opacity":"","overlay-gradient":""}},"ast-content-background-meta":{"desktop":{"background-color":"var(--ast-global-color-5)","background-image":"","background-repeat":"repeat","background-position":"center center","background-size":"auto","background-attachment":"scroll","background-type":"","background-media":"","overlay-type":"","overlay-color":"","overlay-opacity":"","overlay-gradient":""},"tablet":{"background-color":"var(--ast-global-color-5)","background-image":"","background-repeat":"repeat","background-position":"center center","background-size":"auto","background-attachment":"scroll","background-type":"","background-media":"","overlay-type":"","overlay-color":"","overlay-opacity":"","overlay-gradient":""},"mobile":{"background-color":"var(--ast-global-color-5)","background-image":"","background-repeat":"repeat","background-position":"center center","background-size":"auto","background-attachment":"scroll","background-type":"","background-media":"","overlay-type":"","overlay-color":"","overlay-opacity":"","overlay-gradient":""}}},"product_brand":[],"product_cat":[66,65,64],"product_tag":[],"class_list":{"0":"post-195","1":"product","2":"type-product","3":"status-publish","4":"has-post-thumbnail","6":"product_cat-anticorrosivos","7":"product_cat-arquitectonica","8":"product_cat-pinturas-y-recubrimientos","9":"desktop-align-left","10":"tablet-align-left","11":"mobile-align-left","13":"first","14":"instock","15":"shipping-taxable","16":"product-type-simple"},"_links":{"self":[{"href":"https:\/\/pinturasimperio.co\/tienda\/wp-json\/wp\/v2\/product\/195","targetHints":{"allow":["GET"]}}],"collection":[{"href":"https:\/\/pinturasimperio.co\/tienda\/wp-json\/wp\/v2\/product"}],"about":[{"href":"https:\/\/pinturasimperio.co\/tienda\/wp-json\/wp\/v2\/types\/product"}],"replies":[{"embeddable":true,"href":"https:\/\/pinturasimperio.co\/tienda\/wp-json\/wp\/v2\/comments?post=195"}],"wp:featuredmedia":[{"embeddable":true,"href":"https:\/\/pinturasimperio.co\/tienda\/wp-json\/wp\/v2\/media\/164"}],"wp:attachment":[{"href":"https:\/\/pinturasimperio.co\/tienda\/wp-json\/wp\/v2\/media?parent=195"}],"wp:term":[{"taxonomy":"product_brand","embeddable":true,"href":"https:\/\/pinturasimperio.co\/tienda\/wp-json\/wp\/v2\/product_brand?post=195"},{"taxonomy":"product_cat","embeddable":true,"href":"https:\/\/pinturasimperio.co\/tienda\/wp-json\/wp\/v2\/product_cat?post=195"},{"taxonomy":"product_tag","embeddable":true,"href":"https:\/\/pinturasimperio.co\/tienda\/wp-json\/wp\/v2\/product_tag?post=195"}],"curies":[{"name":"wp","href":"https:\/\/api.w.org\/{rel}","templated":true}]}}