{"id":181,"date":"2023-11-01T16:19:22","date_gmt":"2023-11-01T16:19:22","guid":{"rendered":"https:\/\/pinturasimperio.co\/tienda\/?post_type=product&#038;p=181"},"modified":"2023-11-02T16:53:17","modified_gmt":"2023-11-02T16:53:17","slug":"vinilo-tipo-1-uso-interior-exterior","status":"publish","type":"product","link":"https:\/\/pinturasimperio.co\/tienda\/producto\/vinilo-tipo-1-uso-interior-exterior\/","title":{"rendered":"VINILO TIPO 1 &#8211; USO INTERIOR\/EXTERIOR"},"content":{"rendered":"<p>Pintura elaborada con Resinas Vinil Acr\u00edlicas a base de Agua, de alto desempe\u00f1o en ambientes exteriores como interiores. Colores entre mezclables, m\u00e1xima lavabilidad, acabado Mate, alto cubrimiento, rendimiento y adherencia. Como Pinturas a base de Agua, tipo Emulsi\u00f3n, Tipo 1, cumple con la Norma T\u00e9cnica Colombiana NTC 1335. Seg\u00fan la Resoluci\u00f3n 1154 del 22 de Junio de 2016 cumple: Remoci\u00f3n de Manchas (Lavabilidad) &gt;=80% Resistencia a la Abrasi\u00f3n &gt;= 400 ciclos. Poder Cubriente &gt;= 96%**<\/p>\n","protected":false},"excerpt":{"rendered":"<p>Pintura Vinilo Tipo 1 para proteger y decorar Paredes y Techos de Residencias, Oficinas y Edificaciones en general, en ambientes interiores y exteriores fabricada por Pinturas Imperio S.A.S.<\/p>\n","protected":false},"featured_media":185,"comment_status":"closed","ping_status":"closed","template":"","meta":{"site-sidebar-layout":"default","site-content-layout":"","ast-site-content-layout":"default","site-content-style":"default","site-sidebar-style":"default","ast-global-header-display":"","ast-banner-title-visibility":"","ast-main-header-display":"","ast-hfb-above-header-display":"","ast-hfb-below-header-display":"","ast-hfb-mobile-header-display":"","site-post-title":"","ast-breadcrumbs-content":"","ast-featured-img":"","footer-sml-layout":"","ast-disable-related-posts":"","theme-transparent-header-meta":"default","adv-header-id-meta":"","stick-header-meta":"","header-above-stick-meta":"","header-main-stick-meta":"","header-below-stick-meta":"","astra-migrate-meta-layouts":"set","ast-page-background-enabled":"default","ast-page-background-meta":{"desktop":{"background-color":"var(--ast-global-color-4)","background-image":"","background-repeat":"repeat","background-position":"center center","background-size":"auto","background-attachment":"scroll","background-type":"","background-media":"","overlay-type":"","overlay-color":"","overlay-opacity":"","overlay-gradient":""},"tablet":{"background-color":"","background-image":"","background-repeat":"repeat","background-position":"center center","background-size":"auto","background-attachment":"scroll","background-type":"","background-media":"","overlay-type":"","overlay-color":"","overlay-opacity":"","overlay-gradient":""},"mobile":{"background-color":"","background-image":"","background-repeat":"repeat","background-position":"center center","background-size":"auto","background-attachment":"scroll","background-type":"","background-media":"","overlay-type":"","overlay-color":"","overlay-opacity":"","overlay-gradient":""}},"ast-content-background-meta":{"desktop":{"background-color":"var(--ast-global-color-5)","background-image":"","background-repeat":"repeat","background-position":"center center","background-size":"auto","background-attachment":"scroll","background-type":"","background-media":"","overlay-type":"","overlay-color":"","overlay-opacity":"","overlay-gradient":""},"tablet":{"background-color":"var(--ast-global-color-5)","background-image":"","background-repeat":"repeat","background-position":"center center","background-size":"auto","background-attachment":"scroll","background-type":"","background-media":"","overlay-type":"","overlay-color":"","overlay-opacity":"","overlay-gradient":""},"mobile":{"background-color":"var(--ast-global-color-5)","background-image":"","background-repeat":"repeat","background-position":"center center","background-size":"auto","background-attachment":"scroll","background-type":"","background-media":"","overlay-type":"","overlay-color":"","overlay-opacity":"","overlay-gradient":""}}},"product_brand":[],"product_cat":[65,64,70],"product_tag":[],"class_list":{"0":"post-181","1":"product","2":"type-product","3":"status-publish","4":"has-post-thumbnail","6":"product_cat-arquitectonica","7":"product_cat-pinturas-y-recubrimientos","8":"product_cat-vinilos","9":"desktop-align-left","10":"tablet-align-left","11":"mobile-align-left","13":"first","14":"instock","15":"shipping-taxable","16":"product-type-variable"},"_links":{"self":[{"href":"https:\/\/pinturasimperio.co\/tienda\/wp-json\/wp\/v2\/product\/181","targetHints":{"allow":["GET"]}}],"collection":[{"href":"https:\/\/pinturasimperio.co\/tienda\/wp-json\/wp\/v2\/product"}],"about":[{"href":"https:\/\/pinturasimperio.co\/tienda\/wp-json\/wp\/v2\/types\/product"}],"replies":[{"embeddable":true,"href":"https:\/\/pinturasimperio.co\/tienda\/wp-json\/wp\/v2\/comments?post=181"}],"wp:featuredmedia":[{"embeddable":true,"href":"https:\/\/pinturasimperio.co\/tienda\/wp-json\/wp\/v2\/media\/185"}],"wp:attachment":[{"href":"https:\/\/pinturasimperio.co\/tienda\/wp-json\/wp\/v2\/media?parent=181"}],"wp:term":[{"taxonomy":"product_brand","embeddable":true,"href":"https:\/\/pinturasimperio.co\/tienda\/wp-json\/wp\/v2\/product_brand?post=181"},{"taxonomy":"product_cat","embeddable":true,"href":"https:\/\/pinturasimperio.co\/tienda\/wp-json\/wp\/v2\/product_cat?post=181"},{"taxonomy":"product_tag","embeddable":true,"href":"https:\/\/pinturasimperio.co\/tienda\/wp-json\/wp\/v2\/product_tag?post=181"}],"curies":[{"name":"wp","href":"https:\/\/api.w.org\/{rel}","templated":true}]}}